{"id":6035,"date":"2022-07-12T08:48:14","date_gmt":"2022-07-12T07:48:14","guid":{"rendered":"https:\/\/www.swedsec.se\/medarbetare\/"},"modified":"2025-10-10T09:03:21","modified_gmt":"2025-10-10T08:03:21","slug":"coworkers","status":"publish","type":"page","link":"https:\/\/www.swedsec.se\/en\/coworkers\/","title":{"rendered":"Co-workers"},"content":{"rendered":"","protected":false},"excerpt":{"rendered":"","protected":false},"author":1,"featured_media":0,"parent":0,"menu_order":0,"comment_status":"closed","ping_status":"closed","template":"templates\/template-general-page.php","meta":{"_acf_changed":false,"_relevanssi_hide_post":"","_relevanssi_hide_content":"","_relevanssi_pin_for_all":"","_relevanssi_pin_keywords":"","_relevanssi_unpin_keywords":"","_relevanssi_related_keywords":"","_relevanssi_related_include_ids":"","_relevanssi_related_exclude_ids":"","_relevanssi_related_no_append":"","_relevanssi_related_not_related":"","_relevanssi_related_posts":"","_relevanssi_noindex_reason":"","footnotes":""},"class_list":["post-6035","page","type-page","status-publish","hentry"],"acf":[],"yoast_head":"<!-- This site is optimized with the Yoast SEO plugin v27.4 - https:\/\/yoast.com\/product\/yoast-seo-wordpress\/ -->\n<title>Co-workers - Swedsec<\/title>\n<meta name=\"robots\" content=\"index, follow, max-snippet:-1, max-image-preview:large, max-video-preview:-1\" \/>\n<link rel=\"canonical\" href=\"https:\/\/www.swedsec.se\/en\/coworkers\/\" \/>\n<meta property=\"og:locale\" content=\"en_US\" \/>\n<meta property=\"og:type\" content=\"article\" \/>\n<meta property=\"og:title\" content=\"Co-workers - Swedsec\" \/>\n<meta property=\"og:url\" content=\"https:\/\/www.swedsec.se\/en\/coworkers\/\" \/>\n<meta property=\"og:site_name\" content=\"Swedsec\" \/>\n<meta property=\"article:modified_time\" content=\"2025-10-10T08:03:21+00:00\" \/>\n<meta name=\"twitter:card\" content=\"summary_large_image\" \/>\n<script type=\"application\/ld+json\" class=\"yoast-schema-graph\">{\"@context\":\"https:\\\/\\\/schema.org\",\"@graph\":[{\"@type\":\"WebPage\",\"@id\":\"https:\\\/\\\/www.swedsec.se\\\/en\\\/coworkers\\\/\",\"url\":\"https:\\\/\\\/www.swedsec.se\\\/en\\\/coworkers\\\/\",\"name\":\"Co-workers - Swedsec\",\"isPartOf\":{\"@id\":\"https:\\\/\\\/www.swedsec.se\\\/#website\"},\"datePublished\":\"2022-07-12T07:48:14+00:00\",\"dateModified\":\"2025-10-10T08:03:21+00:00\",\"breadcrumb\":{\"@id\":\"https:\\\/\\\/www.swedsec.se\\\/en\\\/coworkers\\\/#breadcrumb\"},\"inLanguage\":\"en-US\",\"potentialAction\":[{\"@type\":\"ReadAction\",\"target\":[\"https:\\\/\\\/www.swedsec.se\\\/en\\\/coworkers\\\/\"]}]},{\"@type\":\"BreadcrumbList\",\"@id\":\"https:\\\/\\\/www.swedsec.se\\\/en\\\/coworkers\\\/#breadcrumb\",\"itemListElement\":[{\"@type\":\"ListItem\",\"position\":1,\"name\":\"Start\",\"item\":\"https:\\\/\\\/www.swedsec.se\\\/en\\\/\"},{\"@type\":\"ListItem\",\"position\":2,\"name\":\"Co-workers\"}]},{\"@type\":\"WebSite\",\"@id\":\"https:\\\/\\\/www.swedsec.se\\\/#website\",\"url\":\"https:\\\/\\\/www.swedsec.se\\\/\",\"name\":\"Swedsec\",\"description\":\"Swedsecs licenser bidrar till en branschgemensam h\u00f6g kunskap och kompetens, samt ett disciplin\u00e4rt f\u00f6rfarande vid regel\u00f6vertr\u00e4delser f\u00f6r att s\u00e4kerst\u00e4lla att l\u00e4mpliga personer arbetar i branschen. Detta bidrar tillsammans till ett starkt kundskydd.\",\"potentialAction\":[{\"@type\":\"SearchAction\",\"target\":{\"@type\":\"EntryPoint\",\"urlTemplate\":\"https:\\\/\\\/www.swedsec.se\\\/?s={search_term_string}\"},\"query-input\":{\"@type\":\"PropertyValueSpecification\",\"valueRequired\":true,\"valueName\":\"search_term_string\"}}],\"inLanguage\":\"en-US\"}]}<\/script>\n<!-- \/ Yoast SEO plugin. -->","yoast_head_json":{"title":"Co-workers - Swedsec","robots":{"index":"index","follow":"follow","max-snippet":"max-snippet:-1","max-image-preview":"max-image-preview:large","max-video-preview":"max-video-preview:-1"},"canonical":"https:\/\/www.swedsec.se\/en\/coworkers\/","og_locale":"en_US","og_type":"article","og_title":"Co-workers - Swedsec","og_url":"https:\/\/www.swedsec.se\/en\/coworkers\/","og_site_name":"Swedsec","article_modified_time":"2025-10-10T08:03:21+00:00","twitter_card":"summary_large_image","schema":{"@context":"https:\/\/schema.org","@graph":[{"@type":"WebPage","@id":"https:\/\/www.swedsec.se\/en\/coworkers\/","url":"https:\/\/www.swedsec.se\/en\/coworkers\/","name":"Co-workers - Swedsec","isPartOf":{"@id":"https:\/\/www.swedsec.se\/#website"},"datePublished":"2022-07-12T07:48:14+00:00","dateModified":"2025-10-10T08:03:21+00:00","breadcrumb":{"@id":"https:\/\/www.swedsec.se\/en\/coworkers\/#breadcrumb"},"inLanguage":"en-US","potentialAction":[{"@type":"ReadAction","target":["https:\/\/www.swedsec.se\/en\/coworkers\/"]}]},{"@type":"BreadcrumbList","@id":"https:\/\/www.swedsec.se\/en\/coworkers\/#breadcrumb","itemListElement":[{"@type":"ListItem","position":1,"name":"Start","item":"https:\/\/www.swedsec.se\/en\/"},{"@type":"ListItem","position":2,"name":"Co-workers"}]},{"@type":"WebSite","@id":"https:\/\/www.swedsec.se\/#website","url":"https:\/\/www.swedsec.se\/","name":"Swedsec","description":"Swedsecs licenser bidrar till en branschgemensam h\u00f6g kunskap och kompetens, samt ett disciplin\u00e4rt f\u00f6rfarande vid regel\u00f6vertr\u00e4delser f\u00f6r att s\u00e4kerst\u00e4lla att l\u00e4mpliga personer arbetar i branschen. Detta bidrar tillsammans till ett starkt kundskydd.","potentialAction":[{"@type":"SearchAction","target":{"@type":"EntryPoint","urlTemplate":"https:\/\/www.swedsec.se\/?s={search_term_string}"},"query-input":{"@type":"PropertyValueSpecification","valueRequired":true,"valueName":"search_term_string"}}],"inLanguage":"en-US"}]}},"_links":{"self":[{"href":"https:\/\/www.swedsec.se\/en\/wp-json\/wp\/v2\/pages\/6035","targetHints":{"allow":["GET"]}}],"collection":[{"href":"https:\/\/www.swedsec.se\/en\/wp-json\/wp\/v2\/pages"}],"about":[{"href":"https:\/\/www.swedsec.se\/en\/wp-json\/wp\/v2\/types\/page"}],"author":[{"embeddable":true,"href":"https:\/\/www.swedsec.se\/en\/wp-json\/wp\/v2\/users\/1"}],"replies":[{"embeddable":true,"href":"https:\/\/www.swedsec.se\/en\/wp-json\/wp\/v2\/comments?post=6035"}],"version-history":[{"count":19,"href":"https:\/\/www.swedsec.se\/en\/wp-json\/wp\/v2\/pages\/6035\/revisions"}],"predecessor-version":[{"id":15158,"href":"https:\/\/www.swedsec.se\/en\/wp-json\/wp\/v2\/pages\/6035\/revisions\/15158"}],"wp:attachment":[{"href":"https:\/\/www.swedsec.se\/en\/wp-json\/wp\/v2\/media?parent=6035"}],"curies":[{"name":"wp","href":"https:\/\/api.w.org\/{rel}","templated":true}]}}